{"id":3261,"date":"2024-10-12T16:41:18","date_gmt":"2024-10-12T14:41:18","guid":{"rendered":"https:\/\/bbs-linz-wordpress.de\/college\/"},"modified":"2026-01-31T17:25:06","modified_gmt":"2026-01-31T16:25:06","slug":"college","status":"publish","type":"page","link":"https:\/\/bbs-linz.de\/en\/college\/","title":{"rendered":"College"},"content":{"rendered":"\t\t<div data-elementor-type=\"wp-page\" data-elementor-id=\"3261\" class=\"elementor elementor-3261 elementor-733\" data-elementor-post-type=\"page\">\n\t\t\t\t<div class=\"elementor-element elementor-element-738265f e-flex e-con-boxed e-con e-parent\" data-id=\"738265f\" data-element_type=\"container\" data-e-type=\"container\">\n\t\t\t\t\t<div class=\"e-con-inner\">\n\t\t\t\t<div class=\"elementor-element elementor-element-daa03e6 elementor-widget elementor-widget-heading\" data-id=\"daa03e6\" data-element_type=\"widget\" data-e-type=\"widget\" data-widget_type=\"heading.default\">\n\t\t\t\t<div class=\"elementor-widget-container\">\n\t\t\t\t\t<h1 class=\"elementor-heading-title elementor-size-default\">Our staff<\/h1>\t\t\t\t<\/div>\n\t\t\t\t<\/div>\n\t\t\t\t\t<\/div>\n\t\t\t\t<\/div>\n\t\t<div class=\"elementor-element elementor-element-d391794 e-flex e-con-boxed e-con e-parent\" data-id=\"d391794\" data-element_type=\"container\" data-e-type=\"container\">\n\t\t\t\t\t<div class=\"e-con-inner\">\n\t\t\t\t<div class=\"elementor-element elementor-element-98421ba elementor-widget elementor-widget-image\" data-id=\"98421ba\" data-element_type=\"widget\" data-e-type=\"widget\" data-widget_type=\"image.default\">\n\t\t\t\t<div class=\"elementor-widget-container\">\n\t\t\t\t\t\t\t\t\t\t\t\t<figure class=\"wp-caption\">\n\t\t\t\t\t\t\t\t\t\t<img fetchpriority=\"high\" decoding=\"async\" width=\"2560\" height=\"1139\" src=\"https:\/\/bbs-linz.de\/wp-content\/uploads\/2025\/10\/Gruppenfoto-Kollegium-scaled.jpg\" class=\"attachment-full size-full wp-image-5042\" alt=\"\" srcset=\"https:\/\/bbs-linz.de\/wp-content\/uploads\/2025\/10\/Gruppenfoto-Kollegium-scaled.jpg 2560w, https:\/\/bbs-linz.de\/wp-content\/uploads\/2025\/10\/Gruppenfoto-Kollegium-300x133.jpg 300w, https:\/\/bbs-linz.de\/wp-content\/uploads\/2025\/10\/Gruppenfoto-Kollegium-1024x456.jpg 1024w, https:\/\/bbs-linz.de\/wp-content\/uploads\/2025\/10\/Gruppenfoto-Kollegium-768x342.jpg 768w, https:\/\/bbs-linz.de\/wp-content\/uploads\/2025\/10\/Gruppenfoto-Kollegium-1536x684.jpg 1536w, https:\/\/bbs-linz.de\/wp-content\/uploads\/2025\/10\/Gruppenfoto-Kollegium-2048x911.jpg 2048w\" sizes=\"(max-width: 2560px) 100vw, 2560px\" \/>\t\t\t\t\t\t\t\t\t\t\t<figcaption class=\"widget-image-caption wp-caption-text\"><\/figcaption>\n\t\t\t\t\t\t\t\t\t\t<\/figure>\n\t\t\t\t\t\t\t\t\t<\/div>\n\t\t\t\t<\/div>\n\t\t\t\t<div class=\"elementor-element elementor-element-eb770e7 elementor-widget elementor-widget-text-editor\" data-id=\"eb770e7\" data-element_type=\"widget\" data-e-type=\"widget\" data-widget_type=\"text-editor.default\">\n\t\t\t\t<div class=\"elementor-widget-container\">\n\t\t\t\t\t\t\t\t\t<p>Appel Janine, Bajrami Iradet, Becker Caroline, Becker Henning, Berenz Hilmar, Berrisch Andre, Birmanns Kathrin, Botte Sebastian, Br\u00f6ker Susanne, B\u00fchne Birgit, Buslay-Weber Gertrud, Dannenberg Verena, Diekmeyer Moritz, D\u00f6ring Jutta, Eberhard Yvonne, Gasper Anne, Gie\u00dfwein Jens, Gilles Marco, Goldelius J\u00f6rg, Grab Christine, Grabenmeier Dr. Isolde, G\u00fcl\u00fcm Funda, Haase Daniela, Hackner Stefanie, Hamlabad Fatemeh, Hammerstein Jens, Hammerstein Mirjam, H\u00e4rtel Stefanie (school social work), Heil Kerstin, Held Christian, Herbst-Gathmann Dr. Stefan, Hoffmann Claudia, K\u00e4fer Michael, Kae\u00df Susanne, Kaiser Dirk, Kessel Birgit, Kleftonikolou Ageliki, K\u00f6hler-Raithelhuber Ulrike, Kozdr\u00f3j Andrzej, Kr\u00e4mer Alisa, Kupczik Marianne, Mallmann Klaus, Mecklenburg Birgit, Meichsner Stefan (school social work), \u00d6zen Birg\u00fcl, Petry-Erbe Kerstin, Pies Juliane, Podsiadly Sylvia, Potschew Sylvia, Quast Dr. Stefan, Raabe Theresa, Sch\u00e4fer Martin, Scheffler Friedemann, Scheidt Claudia, Schellinger Nadine, Schemmer Christine, Schick Katja, Schilk-Steinhaus Ulrike, Schwarz Astrid, Schweikert Dr. Thomas, Seitz Heidi, Simon Annette, Simon Heike, Soffner Maren, Spenst Irina, Steinebach Laura, Syllwasschy Marie-Theres, Theophanous Michael, Traub Carolin, Trittin Jenny, Vlajnic Helene, Vosseler-Brehmer Birgit, Walbr\u00f6hl Kathrin, Weingarten Andrea, Weins Mathias, Wintgen Bernd, Wolter Mario, Wolters Dieter, Zervudakis Amanda<\/p>\n\t\t\t\t\t\t\t\t<\/div>\n\t\t\t\t<\/div>\n\t\t\t\t\t<\/div>\n\t\t\t\t<\/div>\n\t\t\t\t<\/div>\n\t\t","protected":false},"excerpt":{"rendered":"<p>Our staff Appel Janine, Bajrami Iradet, Becker Caroline, Becker Henning, Berenz Hilmar, Berrisch Andre, Birmanns Kathrin, Botte Sebastian, Br\u00f6ker Susanne, B\u00fchne Birgit, Buslay-Weber Gertrud, Dannenberg Verena, Diekmeyer Moritz, D\u00f6ring Jutta, Eberhard Yvonne, Gasper Anne, Gie\u00dfwein Jens, Gilles Marco, Goldelius J\u00f6rg, Grab Christine, Grabenmeier Dr. Isolde, G\u00fcl\u00fcm Funda, Haase Daniela, Hackner Stefanie, Hamlabad Fatemeh, Hammerstein Jens, [&hellip;]<\/p>\n","protected":false},"author":1,"featured_media":5042,"parent":0,"menu_order":0,"comment_status":"closed","ping_status":"closed","template":"","meta":{"_acf_changed":false,"footnotes":""},"class_list":["post-3261","page","type-page","status-publish","has-post-thumbnail","hentry"],"acf":[],"_links":{"self":[{"href":"https:\/\/bbs-linz.de\/en\/wp-json\/wp\/v2\/pages\/3261","targetHints":{"allow":["GET"]}}],"collection":[{"href":"https:\/\/bbs-linz.de\/en\/wp-json\/wp\/v2\/pages"}],"about":[{"href":"https:\/\/bbs-linz.de\/en\/wp-json\/wp\/v2\/types\/page"}],"author":[{"embeddable":true,"href":"https:\/\/bbs-linz.de\/en\/wp-json\/wp\/v2\/users\/1"}],"replies":[{"embeddable":true,"href":"https:\/\/bbs-linz.de\/en\/wp-json\/wp\/v2\/comments?post=3261"}],"version-history":[{"count":4,"href":"https:\/\/bbs-linz.de\/en\/wp-json\/wp\/v2\/pages\/3261\/revisions"}],"predecessor-version":[{"id":5681,"href":"https:\/\/bbs-linz.de\/en\/wp-json\/wp\/v2\/pages\/3261\/revisions\/5681"}],"wp:featuredmedia":[{"embeddable":true,"href":"https:\/\/bbs-linz.de\/en\/wp-json\/wp\/v2\/media\/5042"}],"wp:attachment":[{"href":"https:\/\/bbs-linz.de\/en\/wp-json\/wp\/v2\/media?parent=3261"}],"curies":[{"name":"wp","href":"https:\/\/api.w.org\/{rel}","templated":true}]}}